{"id":104,"date":"2020-10-07T07:59:03","date_gmt":"2020-10-07T07:59:03","guid":{"rendered":"https:\/\/www.fairway.fi\/about\/"},"modified":"2024-02-12T11:12:25","modified_gmt":"2024-02-12T11:12:25","slug":"about","status":"publish","type":"page","link":"https:\/\/www.fairway.fi\/en\/about\/","title":{"rendered":"About"},"content":{"rendered":"<figure class=\"wp-block-image alignleft size-full is-resized is-style-default\"><img loading=\"lazy\" decoding=\"async\" width=\"326\" height=\"332\" src=\"https:\/\/www.fairway.fi\/wp-content\/uploads\/2023\/09\/kuva-ympyra-1.png\" alt=\"\" class=\"wp-image-24477\" style=\"width:326px;height:auto\" srcset=\"https:\/\/www.fairway.fi\/wp-content\/uploads\/2023\/09\/kuva-ympyra-1.png 326w, https:\/\/www.fairway.fi\/wp-content\/uploads\/2023\/09\/kuva-ympyra-1-295x300.png 295w\" sizes=\"auto, (max-width: 326px) 100vw, 326px\" \/><\/figure>\n\n\n\n<div class=\"wp-block-columns is-layout-flex wp-container-core-columns-is-layout-28f84493 wp-block-columns-is-layout-flex\">\n<div class=\"wp-block-column is-layout-flow wp-block-column-is-layout-flow\"><\/div>\n\n\n\n<div class=\"wp-block-column is-layout-flow wp-block-column-is-layout-flow\"><\/div>\n<\/div>\n\n\n\n<div class=\"wp-block-columns is-layout-flex wp-container-core-columns-is-layout-28f84493 wp-block-columns-is-layout-flex\">\n<div class=\"wp-block-column is-layout-flow wp-block-column-is-layout-flow\"><\/div>\n\n\n\n<div class=\"wp-block-column is-layout-flow wp-block-column-is-layout-flow\"><\/div>\n<\/div>\n\n\n\n<div class=\"wp-block-columns is-layout-flex wp-container-core-columns-is-layout-28f84493 wp-block-columns-is-layout-flex\">\n<div class=\"wp-block-column is-layout-flow wp-block-column-is-layout-flow\" style=\"flex-basis:66.66%\">\n<h2>\u00a0<\/h2>\n<h2>\u00a0<\/h2>\n<\/div>\n\n\n\n<div class=\"wp-block-column is-layout-flow wp-block-column-is-layout-flow\" style=\"flex-basis:33.33%\"><\/div>\n<\/div>\n\n\n\n<h2 class=\"wp-block-heading\">Minusta&#8230;<\/h2>\n\n\n\n<p>Tieni valmentajaksi on ollut monivaiheinen. Tiesin varhain haluavani valmentajaksi, ja l\u00e4hdin opiskelemaan kulttuurien eroja Alankomaihin. Ehk\u00e4 suurin saavutukseni opintovuosinani on oikean teatterin perustaminen Alankomaihin, jossa py\u00f6ri impro-iltoja ja koulutuksia. Kun palasin Suomeen, olin Yhteiskuntatieteiden maisteri, valmistunut Alankomaiden Groningenin Yliopistosta. Sittemmin olen jatkanut opiskelua aina kun mahdollista. Sertifikaatteja on kertynyt mm.\u00a0<\/p>\n\n\n\n<ul class=\"wp-block-list\">\n<li>NLP Practitioner\u00ae.&nbsp;<\/li>\n\n\n\n<li>Ratkaisukeskeinen valmentaja (LCF Life Coach\u00ae&nbsp;Valmentamo)&nbsp;<\/li>\n\n\n\n<li>Ty\u00f6yhteis\u00f6valmentaja (mm. Peili&nbsp;\u00ae).&nbsp;<\/li>\n<\/ul>\n\n\n\n<p>Bren\u00e9 Brownin tutkimukset ja tuotanto on t\u00e4hteni taivaalla.<\/p>\n\n\n\n<p>T\u00e4ll\u00e4 hetkell\u00e4 opiskelen itselleni uutta ammattia: minusta tulee Yhteis\u00f6pedagogi, ja erikoistun ty\u00f6el\u00e4m\u00e4n kehitt\u00e4j\u00e4ksi.<\/p>\n\n\n\n<h2 class=\"wp-block-heading\">Valmennukseni ydin<\/h2>\n\n\n\n<p>Niin yhteis\u00f6, kuin yksil\u00f6kin tarvitsee kehitty\u00e4kseen peilin, toisen ihmisen. Valmentaja toimii peilin\u00e4, josta tarpeet paljastuvat.<\/p>\n\n\n\n<p>Olen n\u00e4hnyt monen asiakkaan muuttavan el\u00e4m\u00e4\u00e4ns\u00e4 valmennukseni avulla.<\/p>","protected":false},"excerpt":{"rendered":"<p>\u00a0 \u00a0 Minusta&#8230; Tieni valmentajaksi on ollut monivaiheinen. Tiesin varhain haluavani valmentajaksi, ja l\u00e4hdin opiskelemaan kulttuurien eroja Alankomaihin. Ehk\u00e4 suurin saavutukseni opintovuosinani on oikean teatterin perustaminen Alankomaihin, jossa py\u00f6ri impro-iltoja ja koulutuksia. Kun palasin Suomeen, olin Yhteiskuntatieteiden maisteri, valmistunut Alankomaiden Groningenin Yliopistosta. Sittemmin olen jatkanut opiskelua aina kun mahdollista. Sertifikaatteja on kertynyt mm.\u00a0 Bren\u00e9 Brownin &hellip;<\/p>\n<p class=\"read-more\"> <a class=\"\" href=\"https:\/\/www.fairway.fi\/en\/about\/\"> <span class=\"screen-reader-text\">About<\/span> Read More &raquo;<\/a><\/p>","protected":false},"author":1,"featured_media":0,"parent":0,"menu_order":0,"comment_status":"closed","ping_status":"closed","template":"","meta":{"site-sidebar-layout":"no-sidebar","site-content-layout":"page-builder","ast-site-content-layout":"full-width-container","site-content-style":"unboxed","site-sidebar-style":"unboxed","ast-global-header-display":"","ast-banner-title-visibility":"","ast-main-header-display":"","ast-hfb-above-header-display":"","ast-hfb-below-header-display":"","ast-hfb-mobile-header-display":"","site-post-title":"disabled","ast-breadcrumbs-content":"","ast-featured-img":"disabled","footer-sml-layout":"","theme-transparent-header-meta":"default","adv-header-id-meta":"","stick-header-meta":"","header-above-stick-meta":"","header-main-stick-meta":"","header-below-stick-meta":"","astra-migrate-meta-layouts":"set","footnotes":""},"class_list":["post-104","page","type-page","status-publish","hentry"],"_links":{"self":[{"href":"https:\/\/www.fairway.fi\/en\/wp-json\/wp\/v2\/pages\/104","targetHints":{"allow":["GET"]}}],"collection":[{"href":"https:\/\/www.fairway.fi\/en\/wp-json\/wp\/v2\/pages"}],"about":[{"href":"https:\/\/www.fairway.fi\/en\/wp-json\/wp\/v2\/types\/page"}],"author":[{"embeddable":true,"href":"https:\/\/www.fairway.fi\/en\/wp-json\/wp\/v2\/users\/1"}],"replies":[{"embeddable":true,"href":"https:\/\/www.fairway.fi\/en\/wp-json\/wp\/v2\/comments?post=104"}],"version-history":[{"count":27,"href":"https:\/\/www.fairway.fi\/en\/wp-json\/wp\/v2\/pages\/104\/revisions"}],"predecessor-version":[{"id":24616,"href":"https:\/\/www.fairway.fi\/en\/wp-json\/wp\/v2\/pages\/104\/revisions\/24616"}],"wp:attachment":[{"href":"https:\/\/www.fairway.fi\/en\/wp-json\/wp\/v2\/media?parent=104"}],"curies":[{"name":"wp","href":"https:\/\/api.w.org\/{rel}","templated":true}]}}