{"id":105,"date":"2020-10-07T07:59:03","date_gmt":"2020-10-07T07:59:03","guid":{"rendered":"https:\/\/www.fairway.fi\/contact\/"},"modified":"2024-01-22T08:26:05","modified_gmt":"2024-01-22T08:26:05","slug":"contact","status":"publish","type":"page","link":"https:\/\/www.fairway.fi\/en\/contact\/","title":{"rendered":"Contact"},"content":{"rendered":"<figure class=\"wp-block-image size-full is-resized is-style-default\"><img loading=\"lazy\" decoding=\"async\" width=\"326\" height=\"332\" src=\"https:\/\/www.fairway.fi\/wp-content\/uploads\/2023\/09\/kuva-ympyra-1.png\" alt=\"\" class=\"wp-image-24477\" style=\"width:297px;height:auto\" srcset=\"https:\/\/www.fairway.fi\/wp-content\/uploads\/2023\/09\/kuva-ympyra-1.png 326w, https:\/\/www.fairway.fi\/wp-content\/uploads\/2023\/09\/kuva-ympyra-1-295x300.png 295w\" sizes=\"auto, (max-width: 326px) 100vw, 326px\" \/><\/figure>\n\n\n<h3>Ota yhteytt\u00e4:<\/h3>\n<p>Ilmainen esittely paikan p\u00e4\u00e4ll\u00e4 tai verkossa<\/p>\n<h3>Tilaa esittely:<\/h3>\n<p>Sopisiko jokin valmennuksistani teille? Ota yhteytt\u00e4 niin katsotaan yhdess\u00e4 miten voin olla hy\u00f6dyksi!<\/p>\n<h4>Jos en vastaa, soitan takaisin:<\/h4>\n<p><a href=\"#\">+358505791966<\/a><\/p>\n<h4>L\u00e4het\u00e4 s\u00e4hk\u00f6postia:<\/h4>\n<p><a href=\"#\">korhonen.marianita@outlook.com<\/a><\/p>\n<p><!-- .wpforms-container --><\/p>\n\n\n<div class=\"wp-block-weforms-form\">\r\n        \r\n\r\n                <form class=\"wpuf-form-add weforms-24579  wpuf-style\" action=\"\" method=\"post\"   id=\"\" data-trp-original-action=\"\">\r\n\r\n            <ul class=\"wpuf-form form-label-above\">\r\n\r\n                        <li class=\"wpuf-el etu__ja_sukunimi field-size-large\" data-label=\"Etu- ja sukunimi\">\r\n                    <div class=\"wpuf-label\">\r\n            <label for=\"etu__ja_sukunimi_24579\">Etu- ja sukunimi <span class=\"required\">*<\/span><\/label>\r\n        <\/div>\r\n        \r\n            <div class=\"wpuf-fields\">\r\n                <div class=\"wpuf-name-field-wrap format-first-last\" data-style=\"wpuf-style\">\r\n                    <div class=\"wpuf-name-field-first-name\">\r\n                        <input\r\n                            name=\"etu__ja_sukunimi[first]\"\r\n                            type=\"text\"\r\n                            placeholder=\"\"\r\n                            value=\"\"\r\n                            size=\"40\"\r\n                            data-required=\"yes\"\r\n                            data-type=\"text\"\r\n                            data-style=\"wpuf-style\"\r\n                            class=\"textfield wpuf_etu__ja_sukunimi_24579\"\r\n                            autocomplete=\"given-name\"\r\n                        >\r\n                                            <\/div>\r\n\r\n                                            <input type=\"hidden\" name=\"etu__ja_sukunimi[middle]\" value=\"\">\r\n                    \r\n                    <div class=\"wpuf-name-field-last-name\">\r\n                        <input\r\n                            name=\"etu__ja_sukunimi[last]\"\r\n                            type=\"text\" class=\"textfield\"\r\n                            placeholder=\"\"\r\n                            value=\"\"\r\n                            size=\"40\"\r\n                            autocomplete=\"family-name\"\r\n                            data-style=\"wpuf-style\"\r\n                        >\r\n                                            <\/div>\r\n                <\/div>\r\n                            <\/div>\r\n        <\/li>\r\n                <li class=\"wpuf-el s_hk_postiosoite field-size-large\" data-label=\"S\u00e4hk\u00f6postiosoite\">\r\n                    <div class=\"wpuf-label\">\r\n            <label for=\"s_hk_postiosoite_24579\">S\u00e4hk\u00f6postiosoite <span class=\"required\">*<\/span><\/label>\r\n        <\/div>\r\n        \r\n            <div class=\"wpuf-fields\">\r\n                <input\r\n                    id=\"s_hk_postiosoite_24579\"\r\n                    type=\"email\"\r\n                    class=\"email  wpuf_s_hk_postiosoite_24579\"\r\n                    data-duplicate=\"\"\r\n                    data-required=\"yes\"\r\n                    data-type=\"email\"\r\n                    data-style=\"wpuf-style\"\r\n                    name=\"s_hk_postiosoite\"\r\n                    placeholder=\"\"\r\n                    value=\"\"\r\n                    size=\"40\"\r\n                    autocomplete=\"email\"\r\n                \/>\r\n                            <\/div>\r\n        <\/li>\r\n                <li class=\"wpuf-el viesti field-size-large\" data-label=\"Viesti\">\r\n                    <div class=\"wpuf-label\">\r\n            <label for=\"viesti_24579\">Viesti <span class=\"required\">*<\/span><\/label>\r\n        <\/div>\r\n                                    <div class=\"wpuf-fields\">\r\n            \r\n                                    <textarea\r\n                        class=\"textareafield  wpuf_viesti_24579\"\r\n                        id=\"viesti_24579\"\r\n                        name=\"viesti\"\r\n                        data-required=\"yes\"\r\n                        data-type=\"textarea\"\r\n                        placeholder=\"\"\r\n                        rows=\"5\"\r\n                        cols=\"25\"\r\n                        data-style=\"wpuf-style\"\r\n                    ><\/textarea>\r\n                    <span class=\"wpuf-wordlimit-message wpuf-help\"><\/span>\r\n\r\n                \r\n                        <\/div><\/li>\r\n                <li class=\"wpuf-submit\">\r\n            <div class=\"wpuf-label\">\r\n                &nbsp;\r\n            <\/div>\r\n\r\n            <input type=\"hidden\" id=\"_wpnonce\" name=\"_wpnonce\" value=\"5a06c890a4\" \/><input type=\"hidden\" name=\"_wp_http_referer\" value=\"\/en\/wp-json\/wp\/v2\/pages\/105\" \/>\r\n            <input type=\"hidden\" name=\"form_id\" value=\"24579\">\r\n            <input type=\"hidden\" name=\"page_id\" value=\"105\">\r\n            <input type=\"hidden\" name=\"action\" value=\"weforms_frontend_submit\">\r\n\r\n                            <input type=\"hidden\" name=\"weforms-front-report\" value=\"no\">\r\n            \r\n            \r\n                            <input type=\"submit\" class=\"weforms_submit_btn wpuf_submit_24579\" name=\"submit\" value=\"L\u00e4het\u00e4\" \/>\r\n                    <\/li>\r\n                <\/ul>\r\n\r\n        <input type=\"hidden\" name=\"trp-form-language\" value=\"en\"\/><\/form>\r\n                <\/div>","protected":false},"excerpt":{"rendered":"<p>Ota yhteytt\u00e4: Ilmainen esittely paikan p\u00e4\u00e4ll\u00e4 tai verkossa Tilaa esittely: Sopisiko jokin valmennuksistani teille? Ota yhteytt\u00e4 niin katsotaan yhdess\u00e4 miten voin olla hy\u00f6dyksi! Jos en vastaa, soitan takaisin: +358505791966 L\u00e4het\u00e4 s\u00e4hk\u00f6postia: korhonen.marianita@outlook.com<\/p>","protected":false},"author":1,"featured_media":0,"parent":0,"menu_order":0,"comment_status":"closed","ping_status":"closed","template":"","meta":{"site-sidebar-layout":"no-sidebar","site-content-layout":"page-builder","ast-site-content-layout":"full-width-container","site-content-style":"unboxed","site-sidebar-style":"unboxed","ast-global-header-display":"","ast-banner-title-visibility":"","ast-main-header-display":"","ast-hfb-above-header-display":"","ast-hfb-below-header-display":"","ast-hfb-mobile-header-display":"","site-post-title":"disabled","ast-breadcrumbs-content":"","ast-featured-img":"disabled","footer-sml-layout":"","theme-transparent-header-meta":"default","adv-header-id-meta":"","stick-header-meta":"","header-above-stick-meta":"","header-main-stick-meta":"","header-below-stick-meta":"","astra-migrate-meta-layouts":"set","footnotes":""},"class_list":["post-105","page","type-page","status-publish","hentry"],"_links":{"self":[{"href":"https:\/\/www.fairway.fi\/en\/wp-json\/wp\/v2\/pages\/105","targetHints":{"allow":["GET"]}}],"collection":[{"href":"https:\/\/www.fairway.fi\/en\/wp-json\/wp\/v2\/pages"}],"about":[{"href":"https:\/\/www.fairway.fi\/en\/wp-json\/wp\/v2\/types\/page"}],"author":[{"embeddable":true,"href":"https:\/\/www.fairway.fi\/en\/wp-json\/wp\/v2\/users\/1"}],"replies":[{"embeddable":true,"href":"https:\/\/www.fairway.fi\/en\/wp-json\/wp\/v2\/comments?post=105"}],"version-history":[{"count":17,"href":"https:\/\/www.fairway.fi\/en\/wp-json\/wp\/v2\/pages\/105\/revisions"}],"predecessor-version":[{"id":24586,"href":"https:\/\/www.fairway.fi\/en\/wp-json\/wp\/v2\/pages\/105\/revisions\/24586"}],"wp:attachment":[{"href":"https:\/\/www.fairway.fi\/en\/wp-json\/wp\/v2\/media?parent=105"}],"curies":[{"name":"wp","href":"https:\/\/api.w.org\/{rel}","templated":true}]}}