{"id":24254,"date":"2020-10-08T07:43:07","date_gmt":"2020-10-08T07:43:07","guid":{"rendered":"https:\/\/www.fairway.fi\/all-courses\/"},"modified":"2024-02-13T12:32:43","modified_gmt":"2024-02-13T12:32:43","slug":"all-courses","status":"publish","type":"page","link":"https:\/\/www.fairway.fi\/en\/all-courses\/","title":{"rendered":"Valmennukset"},"content":{"rendered":"<h2 class=\"wp-block-heading\">Valmennukset<\/h2>\n\n\n\n<div class=\"wp-block-columns is-layout-flex wp-container-core-columns-is-layout-28f84493 wp-block-columns-is-layout-flex\">\n<div class=\"wp-block-column is-layout-flow wp-block-column-is-layout-flow\">\n<figure class=\"wp-block-image aligncenter size-large is-style-default\"><a href=\"https:\/\/www.fairway.fi\/en\/tiimi-ja-yksilovalmennukset\/\"><img loading=\"lazy\" decoding=\"async\" width=\"1024\" height=\"1024\" src=\"https:\/\/www.fairway.fi\/wp-content\/uploads\/2024\/02\/Nimeton-malli-5-1-1024x1024.jpg\" alt=\"\" class=\"wp-image-24596\" srcset=\"https:\/\/www.fairway.fi\/wp-content\/uploads\/2024\/02\/Nimeton-malli-5-1-1024x1024.jpg 1024w, https:\/\/www.fairway.fi\/wp-content\/uploads\/2024\/02\/Nimeton-malli-5-1-300x300.jpg 300w, https:\/\/www.fairway.fi\/wp-content\/uploads\/2024\/02\/Nimeton-malli-5-1-150x150.jpg 150w, https:\/\/www.fairway.fi\/wp-content\/uploads\/2024\/02\/Nimeton-malli-5-1-768x768.jpg 768w, https:\/\/www.fairway.fi\/wp-content\/uploads\/2024\/02\/Nimeton-malli-5-1.jpg 1080w\" sizes=\"auto, (max-width: 1024px) 100vw, 1024px\" \/><\/a><figcaption class=\"wp-element-caption\"><strong>Tiimi- ja yksil\u00f6valmennukset<\/strong> <br><br>Yhdist\u00e4 valmennus tehokkaaksi prosessiksi, miss\u00e4 sek\u00e4 tiimin yhteisty\u00f6taidot ja yksil\u00f6iden omat tarpeet huomioidaan.<\/figcaption><\/figure>\n\n\n\n<p><\/p>\n<\/div>\n\n\n\n<div class=\"wp-block-column is-layout-flow wp-block-column-is-layout-flow\">\n<figure class=\"wp-block-image aligncenter size-large is-style-default\"><a href=\"https:\/\/www.fairway.fi\/en\/yksilovalmennukset\/\"><img loading=\"lazy\" decoding=\"async\" width=\"1024\" height=\"1024\" src=\"https:\/\/www.fairway.fi\/wp-content\/uploads\/2024\/02\/Nimeton-malli-6-1024x1024.jpg\" alt=\"\" class=\"wp-image-24597\" srcset=\"https:\/\/www.fairway.fi\/wp-content\/uploads\/2024\/02\/Nimeton-malli-6-1024x1024.jpg 1024w, https:\/\/www.fairway.fi\/wp-content\/uploads\/2024\/02\/Nimeton-malli-6-300x300.jpg 300w, https:\/\/www.fairway.fi\/wp-content\/uploads\/2024\/02\/Nimeton-malli-6-150x150.jpg 150w, https:\/\/www.fairway.fi\/wp-content\/uploads\/2024\/02\/Nimeton-malli-6-768x768.jpg 768w, https:\/\/www.fairway.fi\/wp-content\/uploads\/2024\/02\/Nimeton-malli-6.jpg 1080w\" sizes=\"auto, (max-width: 1024px) 100vw, 1024px\" \/><\/a><figcaption class=\"wp-element-caption\"><strong>Yksil\u00f6valmennukset <\/strong><br><br>K\u00e4yk\u00f6 vetovastuu joskus raskaaksi? Olisiko tehokkaampaa sparrata ratkaisuja valmentajan kanssa s\u00e4\u00e4nn\u00f6llisesti? Kaipaako henkil\u00f6kuntanne &#8217;in-house&#8217;-tyyppist\u00e4 valmentajaa, jonka avulla j\u00e4rjestell\u00e4 ajatuksiaan?<\/figcaption><\/figure>\n<\/div>\n\n\n\n<div class=\"wp-block-column is-layout-flow wp-block-column-is-layout-flow\">\n<figure class=\"wp-block-image aligncenter size-large is-style-default\"><a href=\"https:\/\/www.fairway.fi\/en\/tiimivalmennukset\/\"><img loading=\"lazy\" decoding=\"async\" width=\"1024\" height=\"1024\" src=\"https:\/\/www.fairway.fi\/wp-content\/uploads\/2024\/02\/Nimeton-malli-7-1024x1024.jpg\" alt=\"\" class=\"wp-image-24598\" srcset=\"https:\/\/www.fairway.fi\/wp-content\/uploads\/2024\/02\/Nimeton-malli-7-1024x1024.jpg 1024w, https:\/\/www.fairway.fi\/wp-content\/uploads\/2024\/02\/Nimeton-malli-7-300x300.jpg 300w, https:\/\/www.fairway.fi\/wp-content\/uploads\/2024\/02\/Nimeton-malli-7-150x150.jpg 150w, https:\/\/www.fairway.fi\/wp-content\/uploads\/2024\/02\/Nimeton-malli-7-768x768.jpg 768w, https:\/\/www.fairway.fi\/wp-content\/uploads\/2024\/02\/Nimeton-malli-7.jpg 1080w\" sizes=\"auto, (max-width: 1024px) 100vw, 1024px\" \/><\/a><figcaption class=\"wp-element-caption\"><strong>Tiimivalmennukset <\/strong><br><br>Valitkaa aihe, mihin tarvitsette harjoitusta. Kaipaako tiiminne myyntihenkisyytt\u00e4 tai konfliktin ratkaisutaitoja? Vai ehk\u00e4 ajanhallintaa ja priorisointia?<\/figcaption><\/figure>\n<\/div>\n<\/div>\n\n\n\n<p><\/p>\n\n\n\n<p><\/p>\n\n\n\n<h3 class=\"wp-block-heading\">Valmennusten hy\u00f6dyt<\/h3>\n\n\n\n<ul class=\"wp-block-list\">\n<li>Selkeytt\u00e4\u00e4 tavoitteet<\/li>\n<\/ul>\n\n\n\n<p><\/p>\n\n\n\n<ul class=\"wp-block-list\">\n<li>My\u00f6nteisess\u00e4 ilmapiiriss\u00e4 saa enemm\u00e4n aikaan<\/li>\n<\/ul>\n\n\n\n<p><\/p>\n\n\n\n<ul class=\"wp-block-list\">\n<li>Tyytyv\u00e4isyys n\u00e4kyy my\u00f6s asiakkaille<\/li>\n<\/ul>\n\n\n\n<p><\/p>\n\n\n\n<ul class=\"wp-block-list\">\n<li>Mahdollisuudet huimaan tulosparannukseen<\/li>\n<\/ul>\n\n\n\n<p><\/p>\n\n\n\n<ul class=\"wp-block-list\">\n<li>R\u00e4\u00e4t\u00e4l\u00f6ity toteutus<\/li>\n<\/ul>\n\n\n\n<p><\/p>\n\n\n\n<ul class=\"wp-block-list\">\n<li>Vuorovaikutustaidoista on hy\u00f6ty\u00e4 my\u00f6s ty\u00f6n ulkopuolisissa ihmissuhteissa<\/li>\n<\/ul>\n\n\n\n<p><\/p>\n\n\n\n<ul class=\"wp-block-list\">\n<li>L\u00f6yd\u00e4tte uusia keinoja ja ratkaisette yhdess\u00e4<\/li>\n<\/ul>\n\n\n\n<p><\/p>\n\n\n\n<p><\/p>\n\n\n\n<h3 class=\"wp-block-heading\">Asiakaskokemuksia<\/h3>\n\n\n\n<figure class=\"wp-block-image size-large is-resized is-style-default\"><img loading=\"lazy\" decoding=\"async\" width=\"768\" height=\"1024\" src=\"https:\/\/www.fairway.fi\/wp-content\/uploads\/2023\/09\/WhatsApp-Image-2023-09-28-at-22.07.13-768x1024.jpeg\" alt=\"\" class=\"wp-image-24482\" style=\"width:567px;height:auto\" srcset=\"https:\/\/www.fairway.fi\/wp-content\/uploads\/2023\/09\/WhatsApp-Image-2023-09-28-at-22.07.13-768x1024.jpeg 768w, https:\/\/www.fairway.fi\/wp-content\/uploads\/2023\/09\/WhatsApp-Image-2023-09-28-at-22.07.13-225x300.jpeg 225w, https:\/\/www.fairway.fi\/wp-content\/uploads\/2023\/09\/WhatsApp-Image-2023-09-28-at-22.07.13-1152x1536.jpeg 1152w, https:\/\/www.fairway.fi\/wp-content\/uploads\/2023\/09\/WhatsApp-Image-2023-09-28-at-22.07.13.jpeg 1536w\" sizes=\"auto, (max-width: 768px) 100vw, 768px\" \/><\/figure>\n\n\n\n<figure class=\"wp-block-image size-large is-resized is-style-default\"><img loading=\"lazy\" decoding=\"async\" width=\"768\" height=\"1024\" src=\"https:\/\/www.fairway.fi\/wp-content\/uploads\/2023\/09\/WhatsApp-Image-2023-09-28-at-22.20.05-768x1024.jpeg\" alt=\"\" class=\"wp-image-24481\" style=\"width:568px;height:auto\" srcset=\"https:\/\/www.fairway.fi\/wp-content\/uploads\/2023\/09\/WhatsApp-Image-2023-09-28-at-22.20.05-768x1024.jpeg 768w, https:\/\/www.fairway.fi\/wp-content\/uploads\/2023\/09\/WhatsApp-Image-2023-09-28-at-22.20.05-225x300.jpeg 225w, https:\/\/www.fairway.fi\/wp-content\/uploads\/2023\/09\/WhatsApp-Image-2023-09-28-at-22.20.05-1152x1536.jpeg 1152w, https:\/\/www.fairway.fi\/wp-content\/uploads\/2023\/09\/WhatsApp-Image-2023-09-28-at-22.20.05.jpeg 1536w\" sizes=\"auto, (max-width: 768px) 100vw, 768px\" \/><\/figure>","protected":false},"excerpt":{"rendered":"<p>Valmennukset Valmennusten hy\u00f6dyt Asiakaskokemuksia<\/p>","protected":false},"author":1,"featured_media":0,"parent":0,"menu_order":0,"comment_status":"closed","ping_status":"closed","template":"","meta":{"site-sidebar-layout":"no-sidebar","site-content-layout":"page-builder","ast-site-content-layout":"full-width-container","site-content-style":"unboxed","site-sidebar-style":"unboxed","ast-global-header-display":"","ast-banner-title-visibility":"","ast-main-header-display":"","ast-hfb-above-header-display":"","ast-hfb-below-header-display":"","ast-hfb-mobile-header-display":"","site-post-title":"disabled","ast-breadcrumbs-content":"","ast-featured-img":"disabled","footer-sml-layout":"","theme-transparent-header-meta":"default","adv-header-id-meta":"","stick-header-meta":"","header-above-stick-meta":"","header-main-stick-meta":"","header-below-stick-meta":"","astra-migrate-meta-layouts":"set","footnotes":""},"class_list":["post-24254","page","type-page","status-publish","hentry"],"_links":{"self":[{"href":"https:\/\/www.fairway.fi\/en\/wp-json\/wp\/v2\/pages\/24254","targetHints":{"allow":["GET"]}}],"collection":[{"href":"https:\/\/www.fairway.fi\/en\/wp-json\/wp\/v2\/pages"}],"about":[{"href":"https:\/\/www.fairway.fi\/en\/wp-json\/wp\/v2\/types\/page"}],"author":[{"embeddable":true,"href":"https:\/\/www.fairway.fi\/en\/wp-json\/wp\/v2\/users\/1"}],"replies":[{"embeddable":true,"href":"https:\/\/www.fairway.fi\/en\/wp-json\/wp\/v2\/comments?post=24254"}],"version-history":[{"count":9,"href":"https:\/\/www.fairway.fi\/en\/wp-json\/wp\/v2\/pages\/24254\/revisions"}],"predecessor-version":[{"id":24633,"href":"https:\/\/www.fairway.fi\/en\/wp-json\/wp\/v2\/pages\/24254\/revisions\/24633"}],"wp:attachment":[{"href":"https:\/\/www.fairway.fi\/en\/wp-json\/wp\/v2\/media?parent=24254"}],"curies":[{"name":"wp","href":"https:\/\/api.w.org\/{rel}","templated":true}]}}