{"id":7,"date":"2020-10-07T04:43:41","date_gmt":"2020-10-07T04:43:41","guid":{"rendered":"https:\/\/www.fairway.fi\/home\/"},"modified":"2024-02-13T12:31:23","modified_gmt":"2024-02-13T12:31:23","slug":"home","status":"publish","type":"page","link":"https:\/\/www.fairway.fi\/en\/","title":{"rendered":"Home"},"content":{"rendered":"<div class=\"wp-block-columns is-layout-flex wp-container-core-columns-is-layout-28f84493 wp-block-columns-is-layout-flex\">\n<div class=\"wp-block-column is-layout-flow wp-block-column-is-layout-flow\" style=\"flex-basis:66.66%\">\n<h2 class=\"wp-block-heading\">Hy\u00f6dynn\u00e4ttek\u00f6 te erimielisyydet osana kehitysprosessia?<\/h2>\n\n\n\n<p>Ratkaisukeskeinen vuorovaikutus on tehokkain ty\u00f6kalu my\u00f6nteisen ilmapiirin luomiseen.<\/p>\n\n\n\n<p>Keskityt\u00e4\u00e4nk\u00f6 teill\u00e4 virheisiin vai oppimiseen? Kritisoimiseen vai kannustamiseen?<\/p>\n\n\n\n<p>Valmennukseni avulla ty\u00f6yhteis\u00f6st\u00e4nne voi tulla yhteisty\u00f6ll\u00e4 lujittunut tiimi, jossa ihmiset saavat tilaa kukoistaa.<\/p>\n\n\n\n<p>Uudenlaisen kohtaamisen harjoittelu luo ty\u00f6paikan, jossa jokainen keskustelu muuttuu mahdollisuudeksi ty\u00f6ilmapiirin harmonisointiin.<\/p>\n\n\n\n<figure class=\"wp-block-image is-style-default\"><img decoding=\"async\" src=\"https:\/\/www.fairway.fi\/wp-content\/uploads\/2023\/09\/kuva-ympyra-1.png\" alt=\"\"\/><\/figure>\n\n\n\n<p><a href=\"#\">&nbsp;<\/a><\/p>\n<\/div>\n\n\n\n<div class=\"wp-block-column is-layout-flow wp-block-column-is-layout-flow\" style=\"flex-basis:33.33%\"><\/div>\n<\/div>\n\n\n\n<h3 class=\"wp-block-heading\">Valmennukset<\/h3>\n\n\n\n<div class=\"wp-block-columns is-layout-flex wp-container-core-columns-is-layout-28f84493 wp-block-columns-is-layout-flex\">\n<div class=\"wp-block-column is-layout-flow wp-block-column-is-layout-flow\">\n<figure class=\"wp-block-image aligncenter size-large is-style-default\"><a href=\"https:\/\/www.fairway.fi\/en\/tiimi-ja-yksilovalmennukset\/\"><img loading=\"lazy\" decoding=\"async\" width=\"1024\" height=\"1024\" src=\"https:\/\/www.fairway.fi\/wp-content\/uploads\/2024\/02\/Nimeton-malli-5-2-1024x1024.jpg\" alt=\"\" class=\"wp-image-24602\" srcset=\"https:\/\/www.fairway.fi\/wp-content\/uploads\/2024\/02\/Nimeton-malli-5-2-1024x1024.jpg 1024w, https:\/\/www.fairway.fi\/wp-content\/uploads\/2024\/02\/Nimeton-malli-5-2-300x300.jpg 300w, https:\/\/www.fairway.fi\/wp-content\/uploads\/2024\/02\/Nimeton-malli-5-2-150x150.jpg 150w, https:\/\/www.fairway.fi\/wp-content\/uploads\/2024\/02\/Nimeton-malli-5-2-768x768.jpg 768w, https:\/\/www.fairway.fi\/wp-content\/uploads\/2024\/02\/Nimeton-malli-5-2.jpg 1080w\" sizes=\"auto, (max-width: 1024px) 100vw, 1024px\" \/><\/a><figcaption class=\"wp-element-caption\"><br><strong>Tiimi- ja yksil\u00f6valmennukset<\/strong><br><br>Yhdist\u00e4 valmennus tehokkaaksi prosessiksi, miss\u00e4 sek\u00e4 tiimin yhteisty\u00f6taidot ja yksil\u00f6iden omat tarpeet huomioidaan.<\/figcaption><\/figure>\n<\/div>\n\n\n\n<div class=\"wp-block-column is-layout-flow wp-block-column-is-layout-flow\">\n<figure class=\"wp-block-image aligncenter size-large is-style-default\"><a href=\"https:\/\/www.fairway.fi\/en\/yksilovalmennukset\/\"><img loading=\"lazy\" decoding=\"async\" width=\"1024\" height=\"1024\" src=\"https:\/\/www.fairway.fi\/wp-content\/uploads\/2024\/02\/Nimeton-malli-6-1-1024x1024.jpg\" alt=\"\" class=\"wp-image-24603\" srcset=\"https:\/\/www.fairway.fi\/wp-content\/uploads\/2024\/02\/Nimeton-malli-6-1-1024x1024.jpg 1024w, https:\/\/www.fairway.fi\/wp-content\/uploads\/2024\/02\/Nimeton-malli-6-1-300x300.jpg 300w, https:\/\/www.fairway.fi\/wp-content\/uploads\/2024\/02\/Nimeton-malli-6-1-150x150.jpg 150w, https:\/\/www.fairway.fi\/wp-content\/uploads\/2024\/02\/Nimeton-malli-6-1-768x768.jpg 768w, https:\/\/www.fairway.fi\/wp-content\/uploads\/2024\/02\/Nimeton-malli-6-1.jpg 1080w\" sizes=\"auto, (max-width: 1024px) 100vw, 1024px\" \/><\/a><figcaption class=\"wp-element-caption\"><br><strong>Yksil\u00f6valmennukset<\/strong><br><br>K\u00e4yk\u00f6 vetovastuu joskus raskaaksi? Olisiko tehokkaampaa sparrata ratkaisuja valmentajan kanssa s\u00e4\u00e4nn\u00f6llisesti? Kaipaako henkil\u00f6kuntanne &#8217;in-house&#8217;-tyyppist\u00e4 valmentajaa, jonka avulla j\u00e4rjestell\u00e4 ajatuksiaan?<\/figcaption><\/figure>\n<\/div>\n\n\n\n<div class=\"wp-block-column is-layout-flow wp-block-column-is-layout-flow\">\n<figure class=\"wp-block-image aligncenter size-large is-style-default\"><a href=\"https:\/\/www.fairway.fi\/en\/tiimivalmennukset\/\"><img loading=\"lazy\" decoding=\"async\" width=\"1024\" height=\"1024\" src=\"https:\/\/www.fairway.fi\/wp-content\/uploads\/2024\/02\/Nimeton-malli-7-1-1024x1024.jpg\" alt=\"\" class=\"wp-image-24604\" srcset=\"https:\/\/www.fairway.fi\/wp-content\/uploads\/2024\/02\/Nimeton-malli-7-1-1024x1024.jpg 1024w, https:\/\/www.fairway.fi\/wp-content\/uploads\/2024\/02\/Nimeton-malli-7-1-300x300.jpg 300w, https:\/\/www.fairway.fi\/wp-content\/uploads\/2024\/02\/Nimeton-malli-7-1-150x150.jpg 150w, https:\/\/www.fairway.fi\/wp-content\/uploads\/2024\/02\/Nimeton-malli-7-1-768x768.jpg 768w, https:\/\/www.fairway.fi\/wp-content\/uploads\/2024\/02\/Nimeton-malli-7-1.jpg 1080w\" sizes=\"auto, (max-width: 1024px) 100vw, 1024px\" \/><\/a><figcaption class=\"wp-element-caption\"><br><strong>Tiimivalmennukset<\/strong><br><br>Valitkaa aihe, mihin tarvitsette harjoitusta. Kaipaako tiiminne myyntihenkisyytt\u00e4 tai konfliktin ratkaisutaitoja? Vai ehk\u00e4 ajanhallintaa ja priorisointia?<\/figcaption><\/figure>\n<\/div>\n<\/div>\n\n\n\n<div class=\"wp-block-columns is-layout-flex wp-container-core-columns-is-layout-28f84493 wp-block-columns-is-layout-flex\">\n<div class=\"wp-block-column is-layout-flow wp-block-column-is-layout-flow\">\n<p class=\"has-text-align-center\"><\/p>\n<\/div>\n\n\n\n<div class=\"wp-block-column is-layout-flow wp-block-column-is-layout-flow\">\n<p class=\"has-text-align-center\"><\/p>\n<\/div>\n\n\n\n<div class=\"wp-block-column is-layout-flow wp-block-column-is-layout-flow\">\n<p class=\"has-text-align-center\"><\/p>\n<\/div>\n<\/div>","protected":false},"excerpt":{"rendered":"<p>Hy\u00f6dynn\u00e4ttek\u00f6 te erimielisyydet osana kehitysprosessia? Ratkaisukeskeinen vuorovaikutus on tehokkain ty\u00f6kalu my\u00f6nteisen ilmapiirin luomiseen. Keskityt\u00e4\u00e4nk\u00f6 teill\u00e4 virheisiin vai oppimiseen? Kritisoimiseen vai kannustamiseen? Valmennukseni avulla ty\u00f6yhteis\u00f6st\u00e4nne voi tulla yhteisty\u00f6ll\u00e4 lujittunut tiimi, jossa ihmiset saavat tilaa kukoistaa. Uudenlaisen kohtaamisen harjoittelu luo ty\u00f6paikan, jossa jokainen keskustelu muuttuu mahdollisuudeksi ty\u00f6ilmapiirin harmonisointiin. &nbsp; Valmennukset<\/p>","protected":false},"author":1,"featured_media":0,"parent":0,"menu_order":0,"comment_status":"closed","ping_status":"closed","template":"","meta":{"site-sidebar-layout":"no-sidebar","site-content-layout":"page-builder","ast-site-content-layout":"full-width-container","site-content-style":"unboxed","site-sidebar-style":"unboxed","ast-global-header-display":"","ast-banner-title-visibility":"","ast-main-header-display":"","ast-hfb-above-header-display":"","ast-hfb-below-header-display":"","ast-hfb-mobile-header-display":"","site-post-title":"disabled","ast-breadcrumbs-content":"","ast-featured-img":"disabled","footer-sml-layout":"","theme-transparent-header-meta":"default","adv-header-id-meta":"","stick-header-meta":"","header-above-stick-meta":"","header-main-stick-meta":"","header-below-stick-meta":"","astra-migrate-meta-layouts":"set","footnotes":""},"class_list":["post-7","page","type-page","status-publish","hentry"],"_links":{"self":[{"href":"https:\/\/www.fairway.fi\/en\/wp-json\/wp\/v2\/pages\/7","targetHints":{"allow":["GET"]}}],"collection":[{"href":"https:\/\/www.fairway.fi\/en\/wp-json\/wp\/v2\/pages"}],"about":[{"href":"https:\/\/www.fairway.fi\/en\/wp-json\/wp\/v2\/types\/page"}],"author":[{"embeddable":true,"href":"https:\/\/www.fairway.fi\/en\/wp-json\/wp\/v2\/users\/1"}],"replies":[{"embeddable":true,"href":"https:\/\/www.fairway.fi\/en\/wp-json\/wp\/v2\/comments?post=7"}],"version-history":[{"count":32,"href":"https:\/\/www.fairway.fi\/en\/wp-json\/wp\/v2\/pages\/7\/revisions"}],"predecessor-version":[{"id":24631,"href":"https:\/\/www.fairway.fi\/en\/wp-json\/wp\/v2\/pages\/7\/revisions\/24631"}],"wp:attachment":[{"href":"https:\/\/www.fairway.fi\/en\/wp-json\/wp\/v2\/media?parent=7"}],"curies":[{"name":"wp","href":"https:\/\/api.w.org\/{rel}","templated":true}]}}